{"id":21,"date":"2017-11-07T09:10:47","date_gmt":"2017-11-07T09:10:47","guid":{"rendered":"http:\/\/juergrufer.ch\/rdf\/?page_id=21"},"modified":"2017-11-27T10:26:48","modified_gmt":"2017-11-27T10:26:48","slug":"home","status":"publish","type":"page","link":"https:\/\/www.juergrufer.ch\/rdf\/","title":{"rendered":"Home"},"content":{"rendered":"<h2><strong>J\u00fcrg Rufer<\/strong> steht f\u00fcr \u00fcber 40 Jahre Grafikdesign und bald 20 Jahre Videoproduktionen \u2013 von ABB bis ZVV. <strong>Dingo and Fox<\/strong> steht f\u00fcr die Passion zur Musik. Aus Leidenschaft produzieren J\u00fcrg und Marianne Rufer seit fast 20 Jahren zusammen Musikvideos. Von Jazz bis Klassik \u2013 vom Jazzclub Moods Z\u00fcrich bis zum KKL Luzern.<\/h2>\n<p>Ein Klick auf eines der beiden Logos f\u00fchrt direkt in den entsprechenden Bereich.<\/p>\n","protected":false},"excerpt":{"rendered":"<p>J\u00fcrg Rufer steht f\u00fcr \u00fcber 40 Jahre Grafikdesign und bald 20 Jahre Videoproduktionen \u2013 von ABB bis ZVV. Dingo and Fox steht f\u00fcr die Passion zur Musik. Aus Leidenschaft produzieren J\u00fcrg und Marianne Rufer seit fast 20 Jahren zusammen Musikvideos. Von Jazz bis Klassik \u2013 vom Jazzclub Moods Z\u00fcrich bis zum KKL Luzern. Ein Klick [&hellip;]<\/p>\n","protected":false},"author":1,"featured_media":0,"parent":0,"menu_order":0,"comment_status":"closed","ping_status":"closed","template":"template-parts\/template-front-page.php","meta":{"jetpack_post_was_ever_published":false,"footnotes":""},"tags":[],"class_list":["post-21","page","type-page","status-publish","hentry"],"jetpack_sharing_enabled":false,"jetpack_shortlink":"https:\/\/wp.me\/P9lUOn-l","jetpack_likes_enabled":true,"jetpack-related-posts":[],"_links":{"self":[{"href":"https:\/\/www.juergrufer.ch\/rdf\/wp-json\/wp\/v2\/pages\/21","targetHints":{"allow":["GET"]}}],"collection":[{"href":"https:\/\/www.juergrufer.ch\/rdf\/wp-json\/wp\/v2\/pages"}],"about":[{"href":"https:\/\/www.juergrufer.ch\/rdf\/wp-json\/wp\/v2\/types\/page"}],"author":[{"embeddable":true,"href":"https:\/\/www.juergrufer.ch\/rdf\/wp-json\/wp\/v2\/users\/1"}],"replies":[{"embeddable":true,"href":"https:\/\/www.juergrufer.ch\/rdf\/wp-json\/wp\/v2\/comments?post=21"}],"version-history":[{"count":4,"href":"https:\/\/www.juergrufer.ch\/rdf\/wp-json\/wp\/v2\/pages\/21\/revisions"}],"predecessor-version":[{"id":38,"href":"https:\/\/www.juergrufer.ch\/rdf\/wp-json\/wp\/v2\/pages\/21\/revisions\/38"}],"wp:attachment":[{"href":"https:\/\/www.juergrufer.ch\/rdf\/wp-json\/wp\/v2\/media?parent=21"}],"wp:term":[{"taxonomy":"post_tag","embeddable":true,"href":"https:\/\/www.juergrufer.ch\/rdf\/wp-json\/wp\/v2\/tags?post=21"}],"curies":[{"name":"wp","href":"https:\/\/api.w.org\/{rel}","templated":true}]}}